{"id":38,"date":"2024-09-04T14:49:43","date_gmt":"2024-09-04T21:49:43","guid":{"rendered":"https:\/\/peaceined.org\/?page_id=38"},"modified":"2025-01-06T03:25:32","modified_gmt":"2025-01-06T11:25:32","slug":"donate","status":"publish","type":"page","link":"https:\/\/peaceined.org\/es\/donate\/","title":{"rendered":"Donar"},"content":{"rendered":"<div class=\"wp-block-group alignfull has-global-padding is-content-justification-center is-layout-constrained wp-container-core-group-is-layout-f9b15064 wp-block-group-is-layout-constrained\" style=\"margin-top:0;margin-bottom:0;padding-top:calc( 0.5 * var(--wp--style--root--padding-right, var(--wp--custom--gap--horizontal)));padding-right:var(--wp--style--root--padding-right, var(--wp--custom--gap--horizontal));padding-bottom:calc( 0.5 * var(--wp--style--root--padding-right, var(--wp--custom--gap--horizontal)));padding-left:var(--wp--style--root--padding-left, var(--wp--custom--gap--horizontal))\">\n<div style=\"height:var(--wp--preset--spacing--20)\" aria-hidden=\"true\" class=\"wp-block-spacer\"><\/div>\n\n\n\n<div class=\"wp-block-columns alignwide is-layout-flex wp-container-core-columns-is-layout-8ca909e5 wp-block-columns-is-layout-flex\">\n<div class=\"wp-block-column is-layout-flow wp-container-core-column-is-layout-fc2f4c31 wp-block-column-is-layout-flow\" style=\"flex-basis:50%\">\n<h2 class=\"wp-block-heading has-text-align-center\">Donar a trav\u00e9s de PayPal<br><\/h2>\n\n\n\n<figure class=\"wp-block-image aligncenter size-large is-resized\"><img data-recalc-dims=\"1\" loading=\"lazy\" decoding=\"async\" width=\"915\" height=\"788\" data-attachment-id=\"104\" data-permalink=\"https:\/\/peaceined.org\/es\/donate\/screenshot-11\/\" data-orig-file=\"https:\/\/i0.wp.com\/peaceined.org\/wp-content\/uploads\/2024\/09\/img-3188-1.jpg?fit=915%2C788&amp;ssl=1\" data-orig-size=\"915,788\" data-comments-opened=\"1\" data-image-meta=\"{&quot;aperture&quot;:&quot;0&quot;,&quot;credit&quot;:&quot;&quot;,&quot;camera&quot;:&quot;&quot;,&quot;caption&quot;:&quot;Screenshot&quot;,&quot;created_timestamp&quot;:&quot;1690882549&quot;,&quot;copyright&quot;:&quot;&quot;,&quot;focal_length&quot;:&quot;0&quot;,&quot;iso&quot;:&quot;0&quot;,&quot;shutter_speed&quot;:&quot;0&quot;,&quot;title&quot;:&quot;Screenshot&quot;,&quot;orientation&quot;:&quot;1&quot;}\" data-image-title=\"Screenshot\" data-image-description=\"\" data-image-caption=\"&lt;p&gt;Screenshot&lt;\/p&gt;\" data-large-file=\"https:\/\/i0.wp.com\/peaceined.org\/wp-content\/uploads\/2024\/09\/img-3188-1.jpg?fit=915%2C788&amp;ssl=1\" src=\"https:\/\/i0.wp.com\/peaceined.org\/wp-content\/uploads\/2024\/09\/img-3188-1.jpg?resize=915%2C788&#038;ssl=1\" alt=\"\" class=\"wp-image-104\" style=\"width:438px;height:auto\"\/><\/figure>\n<\/div>\n\n\n\n<div class=\"wp-block-column is-layout-flow wp-block-column-is-layout-flow\" style=\"flex-basis:50%\">\n<p class=\"wp-block-paragraph\">En Peace in Education, trabajamos para construir una comunidad m\u00e1s fuerte y pac\u00edfica a trav\u00e9s de la mediaci\u00f3n, la resoluci\u00f3n de conflictos y el di\u00e1logo abierto. Durante m\u00e1s de cuatro a\u00f1os, hemos ayudado a personas y organizaciones a resolver conflictos y mejorar las relaciones. Desde programas juveniles hasta resoluci\u00f3n de conflictos en el lugar de trabajo y capacitaci\u00f3n en liderazgo, brindamos a las personas las herramientas para escuchar, comunicarse y crear un cambio positivo.<\/p>\n\n\n\n<p class=\"wp-block-paragraph\">Su donaci\u00f3n puede ayudarnos a seguir ofreciendo estos importantes servicios y llegar a m\u00e1s personas. Por favor, considere donar hoy para apoyar nuestra misi\u00f3n.<\/p>\n<\/div>\n<\/div>\n\n\n\n<div style=\"height:var(--wp--preset--spacing--20)\" aria-hidden=\"true\" class=\"wp-block-spacer\"><\/div>\n<\/div>\n\n\n\n<p class=\"wp-block-paragraph\"><\/p>","protected":false},"excerpt":{"rendered":"<p>Donate via PayPal At Peace in Education, we work to build a stronger, more peaceful community through mediation, conflict resolution, and open dialogue. For over four years, we&#8217;ve helped individuals and organizations resolve conflicts and improve relationships. From youth programs to workplace conflict resolution and leadership training, we give people the tools to listen, communicate, [&hellip;]<\/p>\n","protected":false},"author":253567131,"featured_media":0,"parent":0,"menu_order":0,"comment_status":"closed","ping_status":"closed","template":"","meta":{"_crdt_document":"","advanced_seo_description":"","jetpack_seo_html_title":"","jetpack_seo_noindex":false,"jetpack_post_was_ever_published":false,"footnotes":""},"class_list":["post-38","page","type-page","status-publish","hentry"],"jetpack_likes_enabled":true,"jetpack_sharing_enabled":true,"jetpack_shortlink":"https:\/\/wp.me\/PfVEjF-C","jetpack-related-posts":[],"_links":{"self":[{"href":"https:\/\/peaceined.org\/es\/wp-json\/wp\/v2\/pages\/38","targetHints":{"allow":["GET"]}}],"collection":[{"href":"https:\/\/peaceined.org\/es\/wp-json\/wp\/v2\/pages"}],"about":[{"href":"https:\/\/peaceined.org\/es\/wp-json\/wp\/v2\/types\/page"}],"author":[{"embeddable":true,"href":"https:\/\/peaceined.org\/es\/wp-json\/wp\/v2\/users\/253567131"}],"replies":[{"embeddable":true,"href":"https:\/\/peaceined.org\/es\/wp-json\/wp\/v2\/comments?post=38"}],"version-history":[{"count":7,"href":"https:\/\/peaceined.org\/es\/wp-json\/wp\/v2\/pages\/38\/revisions"}],"predecessor-version":[{"id":628,"href":"https:\/\/peaceined.org\/es\/wp-json\/wp\/v2\/pages\/38\/revisions\/628"}],"wp:attachment":[{"href":"https:\/\/peaceined.org\/es\/wp-json\/wp\/v2\/media?parent=38"}],"curies":[{"name":"wp","href":"https:\/\/api.w.org\/{rel}","templated":true}]}}